{"id":506,"date":"2024-03-13T15:16:51","date_gmt":"2024-03-13T14:16:51","guid":{"rendered":"https:\/\/houdaya.com\/?page_id=506"},"modified":"2025-10-21T22:53:56","modified_gmt":"2025-10-21T20:53:56","slug":"qui-suis-je","status":"publish","type":"page","link":"https:\/\/houdaya.com\/index.php\/qui-suis-je\/","title":{"rendered":"QUI SUIS-JE?"},"content":{"rendered":"\n<p>salamoualaykoum&nbsp;<\/p>\n\n\n\n<p>Je suis une \u00e2me parmi tant d&#8217;autres , actuellement femme au foyer. J&#8217;ai auparavant travaill\u00e9 en tant que DBA Oracle, avant de prendre la d\u00e9cision de mettre fin \u00e0 ma carri\u00e8re professionnelle pour me consacrer enti\u00e8rement \u00e0 ma famille par la gr\u00e2ce d&#8217;Allah. Mais est ce que c&#8217;est R\u00e9eLLement moi qui ai pris la d\u00e9cision? <\/p>\n\n\n\n<p>Vous me demandez si je regrette ? NON.<\/p>\n\n\n\n<p>Pendant longtemps, le Coran \u00e9tait mon compagnon du Ramadan, mais aujourd&#8217;hui, il fait partie int\u00e9grante de mon quotidien.&nbsp;<\/p>\n\n\n\n<p>Tout a commenc\u00e9 pendant la p\u00e9riode du confinement o\u00f9\u2026..s\u2019\u00e9tait pass\u00e9 des choses\u2026..Et  j&#8217;ai compris que rien n&#8217;est acquis dans la vie&#8230;..vraiment rien m\u00eame le fait de faire ses courses.<\/p>\n\n\n\n<p>Donc, en ce mois de novembre 2020, j&#8217;ai d\u00e9couvert un groupe qui organise la cl\u00f4ture du Coran chaque mois lunaire via Zoom\u2026 croyez moi que c&#8217;est que du bonheur&#8230;.et depuis le Coran m&#8217;accompagne pratiquement tous les jours.<\/p>\n\n\n\n<p>Finalement, en parcourant le Coran de mani\u00e8re lin\u00e9aire, j&#8217;ai d\u00e9couvert qu&#8217;on pouvait Le lire avec une perspective diff\u00e9rente. En rassemblant les versets d&#8217;un m\u00eame th\u00e8me \u00e0 travers diff\u00e9rentes sourates, on arrive \u00e0 une belle compr\u00e9hension et une r\u00e9flexion profonde et un beau tadabbour. Je me suis rendu compte que le Coran te r\u00e9v\u00e8le ses secrets une fois que<mark style=\"background-color:rgba(0, 0, 0, 0)\" class=\"has-inline-color has-accent-1-color\"><strong> TU AS \u00c9TABLI UN LIEN AVEC CE LIVRE SACR\u00c9 OU \u00c9CRIT DES PAROLES SACR\u00c9ES<\/strong><\/mark>.<\/p>\n\n\n\n<p>Vous pourriez me demander : quel lien, mis \u00e0 part la lecture ?&nbsp;<\/p>\n\n\n\n<ul class=\"wp-block-list\">\n<li>Eh bien, c&#8217;est un lien de recherche : lire les diff\u00e9rents tafsirs, chercher le contexte de r\u00e9v\u00e9lation&#8230;<\/li>\n\n\n\n<li>un lien de m\u00e9morisation,&nbsp;<\/li>\n\n\n\n<li>un lien pour r\u00e9cup\u00e9rer tous les douaas qu&#8217;il contient,&nbsp;<\/li>\n\n\n\n<li>un lien pour r\u00e9cup\u00e9rer les histoires des proph\u00e8tes,<\/li>\n<\/ul>\n\n\n\n<p>jusqu&#8217;\u00e0 aboutir \u00e0 un lien d&#8217;amour <img loading=\"lazy\" decoding=\"async\" width=\"17\" height=\"17\" src=\"https:\/\/lh7-us.googleusercontent.com\/kpwVck8tjYyw7LcL_ZHgT-S0kawKAZxaWlphVbD49oppq4cr1MIfgj7AnfcWru1ih57HykA-RYEStdTnPkRAWixO9uuoIN9QlRuLgtG-Ejw6vQtT9G-aLZrHneOUejmF4RPCNNn5Z_Qh3OpF-QO88fU\" alt=\"\u2764\ufe0f\"><img loading=\"lazy\" decoding=\"async\" width=\"17\" height=\"17\" src=\"https:\/\/lh7-us.googleusercontent.com\/N-48mWysn8cABfgfJR4uz9WllRUuZZF_btSDqYWyWYt3sFYoEDZpT8yQLidB4yxJvCJMu_C_puLE66ulkB8cxvJAVDWEBekjA8KJVKvRHryqN9AoDvxtUHFSk0VUGCYe8LHL7sxmkEKauJXHEBwAiGE\" alt=\"\ud83e\udde1\"><img loading=\"lazy\" decoding=\"async\" width=\"17\" height=\"17\" src=\"https:\/\/lh7-us.googleusercontent.com\/joaZJV9vbYBeQekDjhw2VKrz02q-sPWKN35rQ2X4juX_T47H2tbBS5ZdNuUDvwYBOQRLHxbDBXeDMZ3AIukMGER8q00XTyDRhsOybEoRPAr-gKs8SOk76IQBuE6yubV_RZk7sfmPS1v5uNgzWaOteQo\" alt=\"\ud83d\udc9b\"> bi idhni Llah.<\/p>\n\n\n\n<p>C&#8217;est \u00e0 travers ce site que je mets \u00e0 disposition les pdf pour partager cette exp\u00e9rience.<\/p>\n\n\n\n<p>Commen\u00e7ons par le pdf du fameux <a href=\"https:\/\/houdaya.com\/index.php\/page-d-exemple\/\">sirat al mostaqim<\/a> \ud83d\ude42 <\/p>\n","protected":false},"excerpt":{"rendered":"<p>salamoualaykoum&nbsp; Je suis une \u00e2me parmi tant d&#8217;autres , actuellement femme au foyer. J&#8217;ai auparavant travaill\u00e9 en tant que DBA Oracle, avant de prendre la &hellip;<\/p>\n","protected":false},"author":1,"featured_media":0,"parent":0,"menu_order":0,"comment_status":"closed","ping_status":"closed","template":"","meta":{"footnotes":""},"class_list":["post-506","page","type-page","status-publish","hentry"],"_links":{"self":[{"href":"https:\/\/houdaya.com\/index.php\/wp-json\/wp\/v2\/pages\/506","targetHints":{"allow":["GET"]}}],"collection":[{"href":"https:\/\/houdaya.com\/index.php\/wp-json\/wp\/v2\/pages"}],"about":[{"href":"https:\/\/houdaya.com\/index.php\/wp-json\/wp\/v2\/types\/page"}],"author":[{"embeddable":true,"href":"https:\/\/houdaya.com\/index.php\/wp-json\/wp\/v2\/users\/1"}],"replies":[{"embeddable":true,"href":"https:\/\/houdaya.com\/index.php\/wp-json\/wp\/v2\/comments?post=506"}],"version-history":[{"count":10,"href":"https:\/\/houdaya.com\/index.php\/wp-json\/wp\/v2\/pages\/506\/revisions"}],"predecessor-version":[{"id":548,"href":"https:\/\/houdaya.com\/index.php\/wp-json\/wp\/v2\/pages\/506\/revisions\/548"}],"wp:attachment":[{"href":"https:\/\/houdaya.com\/index.php\/wp-json\/wp\/v2\/media?parent=506"}],"curies":[{"name":"wp","href":"https:\/\/api.w.org\/{rel}","templated":true}]}}