{"id":169,"date":"2022-04-19T06:04:26","date_gmt":"2022-04-19T04:04:26","guid":{"rendered":"https:\/\/houdaya.com\/?page_id=169"},"modified":"2024-03-27T12:13:33","modified_gmt":"2024-03-27T11:13:33","slug":"mes-videos","status":"publish","type":"page","link":"https:\/\/houdaya.com\/index.php\/mes-videos\/","title":{"rendered":"VID\u00c9O"},"content":{"rendered":"\n<p><\/p>\n\n\n\n<p class=\"has-text-align-center\"><strong>Vous trouverez une s\u00e9lection de vid\u00e9os visant \u00e0 revivifier sa foi<\/strong><\/p>\n\n\n\n<figure class=\"wp-block-embed is-type-video is-provider-youtube wp-block-embed-youtube wp-embed-aspect-16-9 wp-has-aspect-ratio\"><div class=\"wp-block-embed__wrapper\">\n<iframe loading=\"lazy\" title=\"La Fatiha 3 : La louange Lui appartient !\" width=\"760\" height=\"428\" src=\"https:\/\/www.youtube.com\/embed\/K8NYwXZqL60?feature=oembed\" frameborder=\"0\" allow=\"accelerometer; autoplay; clipboard-write; encrypted-media; gyroscope; picture-in-picture\" allowfullscreen><\/iframe>\n<\/div><\/figure>\n\n\n\n<figure class=\"wp-block-embed is-type-video is-provider-youtube wp-block-embed-youtube wp-embed-aspect-16-9 wp-has-aspect-ratio\"><div class=\"wp-block-embed__wrapper\">\n<iframe loading=\"lazy\" title=\"INSTANT DE PAIX\" width=\"760\" height=\"428\" src=\"https:\/\/www.youtube.com\/embed\/A8JK_OHDVr4?feature=oembed\" frameborder=\"0\" allow=\"accelerometer; autoplay; clipboard-write; encrypted-media; gyroscope; picture-in-picture\" allowfullscreen><\/iframe>\n<\/div><\/figure>\n\n\n\n<figure class=\"wp-block-embed is-type-video is-provider-youtube wp-block-embed-youtube wp-embed-aspect-16-9 wp-has-aspect-ratio\"><div class=\"wp-block-embed__wrapper\">\n<iframe loading=\"lazy\" title=\"LES DANGERS DE LA JALOUSIE\" width=\"760\" height=\"428\" src=\"https:\/\/www.youtube.com\/embed\/oKJTTHIBeHA?feature=oembed\" frameborder=\"0\" allow=\"accelerometer; autoplay; clipboard-write; encrypted-media; gyroscope; picture-in-picture; web-share\" referrerpolicy=\"strict-origin-when-cross-origin\" allowfullscreen><\/iframe>\n<\/div><\/figure>\n","protected":false},"excerpt":{"rendered":"<p>Vous trouverez une s\u00e9lection de vid\u00e9os visant \u00e0 revivifier sa foi<\/p>\n","protected":false},"author":1,"featured_media":0,"parent":0,"menu_order":0,"comment_status":"closed","ping_status":"closed","template":"","meta":{"footnotes":""},"class_list":["post-169","page","type-page","status-publish","hentry"],"_links":{"self":[{"href":"https:\/\/houdaya.com\/index.php\/wp-json\/wp\/v2\/pages\/169","targetHints":{"allow":["GET"]}}],"collection":[{"href":"https:\/\/houdaya.com\/index.php\/wp-json\/wp\/v2\/pages"}],"about":[{"href":"https:\/\/houdaya.com\/index.php\/wp-json\/wp\/v2\/types\/page"}],"author":[{"embeddable":true,"href":"https:\/\/houdaya.com\/index.php\/wp-json\/wp\/v2\/users\/1"}],"replies":[{"embeddable":true,"href":"https:\/\/houdaya.com\/index.php\/wp-json\/wp\/v2\/comments?post=169"}],"version-history":[{"count":12,"href":"https:\/\/houdaya.com\/index.php\/wp-json\/wp\/v2\/pages\/169\/revisions"}],"predecessor-version":[{"id":530,"href":"https:\/\/houdaya.com\/index.php\/wp-json\/wp\/v2\/pages\/169\/revisions\/530"}],"wp:attachment":[{"href":"https:\/\/houdaya.com\/index.php\/wp-json\/wp\/v2\/media?parent=169"}],"curies":[{"name":"wp","href":"https:\/\/api.w.org\/{rel}","templated":true}]}}